{"id":1451,"date":"2020-11-03T14:17:33","date_gmt":"2020-11-03T14:17:33","guid":{"rendered":"https:\/\/canmontllor.com\/cookies\/"},"modified":"2020-12-21T14:09:47","modified_gmt":"2020-12-21T14:09:47","slug":"cookies","status":"publish","type":"page","link":"https:\/\/canmontllor.com\/ca\/cookies\/","title":{"rendered":"Cookies"},"content":{"rendered":"<p>[vc_row][vc_column][vc_column_text]<strong>INTRODUCCI\u00d3<\/strong><\/p>\n<p>El web de CAN MONTLLOR, SL utilitza cookies pr\u00f2pies i de tercers. Una galeta \u00e9s un fitxer que es descarrega al seu ordinador a l&#8217;accedir a determinades p\u00e0gines web, entre d&#8217;altres finalitats, assegurar el correcte funcionament de la p\u00e0gina, permetre a l&#8217;Usuari un acc\u00e9s m\u00e9s r\u00e0pid als serveis seleccionats, emmagatzemar i recuperar informaci\u00f3 sobre els h\u00e0bits de navegaci\u00f3 d&#8217;un usuari o del seu equip i fins i tot, depenent de la informaci\u00f3 que continguin i de la forma en qu\u00e8 utilitzi el seu equip, es poden utilitzar per recon\u00e8ixer a l&#8217;usuari. Les cookies s&#8217;associen \u00fanicament a un usuari an\u00f2nim i el seu ordinador o dispositiu i no proporcionen refer\u00e8ncies que permetin con\u00e8ixer les seves dades personals., Excepte perm\u00eds expr\u00e9s d&#8217;aquell.<\/p>\n<p>L&#8217;usuari pot, en tot moment, acceptar o rebutjar les cookies instal\u00b7lades que no siguin estrictament necess\u00e0ries per al correcte funcionament del web i l&#8217;acc\u00e9s a l&#8217;Usuari als seus serveis, a trav\u00e9s de el panell d&#8217;ajust de cookies proporcionat al nostre web. Aix\u00ed mateix podr\u00e0 configurar el seu navegador en tot moment sense que aix\u00f2 perjudiqui la possibilitat de l&#8217;Usuari d&#8217;accedir als continguts. No obstant aix\u00f2 l&#8217;informem que el rebuig de les cookies pot disminuir el bon funcionament de la web.<\/p>\n<p>&nbsp;<\/p>\n<p><strong>COOKIES AFECTADES PER LA NORMATIVA I COOKIES EXEMPTES<\/strong><\/p>\n<p>Segons la directiva de la UE, les cookies que requereixen el consentiment informat per part de l&#8217;usuari s\u00f3n les galetes d&#8217;anal\u00edtica, les de publicitat i afiliaci\u00f3, quedant exceptuades les de car\u00e0cter t\u00e8cnic i les necess\u00e0ries per al funcionament de la p\u00e0gina web o la prestaci\u00f3 de serveis expressament demandats per l&#8217;usuari.<\/p>\n<p>&nbsp;<\/p>\n<p><strong>TIPUS DE COOKIES<\/strong><\/p>\n<p>a) Segons l&#8217;<strong>entitat que les gestioni<\/strong>, hi ha cookies <strong>pr\u00f2pies<\/strong> (aquelles que s&#8217;envien a l&#8217;equip terminal de l&#8217;usuari des d&#8217;un equip o domini gestionat pel propi editor i des del qual es presta el servei Sol\u00b7licitat per l&#8217;usuari) i de <strong>tercers<\/strong> ( les que s&#8217;envien a l&#8217;equip terminal de l&#8217;usuari des d&#8217;un equip o domini que no \u00e9s gestionat per l&#8217;editor, sin\u00f3 per una altra entitat que tracta les dades obtingudes mitjan\u00e7ant les cookies).<br \/>\nb) Segons el <strong>temps que romanen actives<\/strong>, hi ha les de <strong>sessi\u00f3<\/strong> (dissenyades per a demanar i emmagatzemar dades mentre l&#8217;usuari accedeix a una p\u00e0gina web) i les <strong>persistents<\/strong> (en qu\u00e8 les dades s&#8217;emmagatzemen en el terminal i poden ser accedits i tractats durant un per\u00edode definit pel responsable de la galeta -pot anar d&#8217;uns minuts a diversos anys-).<br \/>\nc) Segons la <strong>finalitat<\/strong> per a la qual tracten la informaci\u00f3 que recopilen, poden ser:<br \/>\n&#8211; <strong>Cookies t\u00e8cniques<\/strong> (necess\u00e0ries per a l&#8217;\u00fas del web i la prestaci\u00f3 de servei contractat),<\/p>\n<p>&#8211; <strong>Cookies de personalitzaci\u00f3<\/strong> (que permeten a l&#8217;usuari accedir a el servei amb caracter\u00edstiques predefinides, com ara l&#8217;idioma, tipus de navegador, configuraci\u00f3 regional, etc.)<\/p>\n<p>&#8211; <strong>Cookies d&#8217;an\u00e0lisi<\/strong> (recullen informaci\u00f3 l&#8217;\u00fas que es realitza del web),<\/p>\n<p>&#8211; <strong>Cookies publicit\u00e0ries<\/strong> (recullen informaci\u00f3 sobre les prefer\u00e8ncies i eleccions personals dels usuaris),<\/p>\n<p>&#8211; <strong>Cookies d&#8217;afiliats<\/strong> (permeten fer un seguiment de les visites procedents d&#8217;altres webs, amb les que el lloc web estableix un contracte d&#8217;afiliaci\u00f3).<\/p>\n<p>&nbsp;<\/p>\n<p><strong>TIPUS DE COOKIES UTILITZADES PER AQUEST LLOC WEB<\/strong><\/p>\n<p><strong>Cookies t\u00e8cniques<\/strong> (necess\u00e0ries per a l&#8217;\u00fas del web i la prestaci\u00f3 de servei contractat),<\/p>\n<p>Mentre navega per la nostra web, poden emmagatzemar-se en el seu navegador les galetes de les nostres xarxes socials. A continuaci\u00f3, us expliquem els enlla\u00e7os sobre les galetes de les xarxes socials que utilitzem en aquesta web:<\/p>\n<p>Cookies de Facebook, veure m\u00e9s informaci\u00f3 en la seva pol\u00edtica de cookies<br \/>\nCookies de Twitter, veure m\u00e9s informaci\u00f3 en la seva pol\u00edtica de cookies<br \/>\nCookies d&#8217;Instagram, veure m\u00e9s informaci\u00f3 en la seva pol\u00edtica de cookies<br \/>\nCookies de Google+, veure m\u00e9s informaci\u00f3 en la seva pol\u00edtica de cookies<br \/>\nCookies de Linkedin, veure m\u00e9s informaci\u00f3 en la seva pol\u00edtica de cookies<br \/>\nCookies de Pinterest, veure m\u00e9s informaci\u00f3 en la seva pol\u00edtica de cookies<br \/>\nCookies de Youtube, veure m\u00e9s informaci\u00f3 en la seva pol\u00edtica de cookies<\/p>\n<p>&nbsp;<\/p>\n<p><strong>REVOCACI\u00d3<\/strong><\/p>\n<p>En tot moment podr\u00e0 accedir a la configuraci\u00f3 del seu navegador acceptant o rebutjant totes les cookies, o b\u00e9 seleccionar aquelles la instal\u00b7laci\u00f3 admet i quins no, seguint un dels seg\u00fcents procediments, que dep\u00e8n de el navegador que utilitze:<\/p>\n<p><strong>Google Chrome<\/strong> (al Men\u00fa Eines):<\/p>\n<p>Configuraci\u00f3&gt; Mostra opcions avan\u00e7ades&gt; Privadesa (Configuraci\u00f3 de contingut)&gt; Cookies: https:\/\/support.google.com\/chrome\/answer\/95647?co=GENIE.Platform%3DDesktopandhl=es<\/p>\n<p><strong>Microsoft Internet Explorer<\/strong> (al Men\u00fa Eines):<\/p>\n<p>Opcions d&#8217;Internet&gt; Privadesa&gt; Avan\u00e7ada: https:\/\/support.microsoft.com\/es-es\/help\/17442\/windows-internet-explorer-delete-manage-cookies<\/p>\n<p><strong>Firefox:<\/strong><\/p>\n<p>Opcions&gt; Privadesa&gt; Cookies: https:\/\/support.mozilla.org\/es\/kb\/habilitar-y-deshabilitar-cookies-sitios-web-rastrear-preferencias<\/p>\n<p><strong>Safari, iPad i iPhone:<\/strong><\/p>\n<p>Prefer\u00e8ncies&gt; Privadesa: https:\/\/support.apple.com\/kb\/ph21411?locale=es_ES<\/p>\n<p><strong>Opera:<\/strong><\/p>\n<p>Configuraci\u00f3&gt;Opcions&gt; Avan\u00e7at&gt; Cookies: http:\/\/help.opera.com\/Windows\/12.00\/es-ES\/cookies.html<\/p>\n<p>Aquests navegadors estan sotmesos a actualitzacions o modificacions, pel que no podem garantir que s&#8217;ajustin completament a la versi\u00f3 del seu navegador. Tamb\u00e9 pot ser que utilitzi un altre navegador no contemplat en aquests enlla\u00e7os com ara Konqueror, Arora, Flock, etc. Per evitar aquests desajustos, pot accedir directament des de les opcions del seu navegador, generalment al men\u00fa de &#8220;Opcions&#8221; a la secci\u00f3 de &#8220;Privadesa&#8221;. (Si us plau, consulteu l&#8217;ajuda del seu navegador per a m\u00e9s informaci\u00f3).<\/p>\n<p>&nbsp;<\/p>\n<p><strong>DESACTIVACI\u00d3 \/ ACTIVACI\u00d3 I ELIMINACI\u00d3 DE COOKIES<\/strong><\/p>\n<p>Per restringir o bloquejar les cookies, es fa a trav\u00e9s de la configuraci\u00f3 de navegador.<\/p>\n<p>Si no desitja que els llocs web posin cap cookie al seu equip, pot adaptar la configuraci\u00f3 de el navegador de manera que se li notifiqui abans que es col\u00b7loqui cap cookie. De la mateixa manera, pot adaptar la configuraci\u00f3 de manera que el navegador rebutgi totes les cookies, o \u00fanicament les cookies de tercers. Tamb\u00e9 pot eliminar qualsevol de les cookies que ja es trobin en l&#8217;equip. Recordeu que s&#8217;haur\u00e0 d&#8217;adaptar per separat la configuraci\u00f3 de cada navegador i equip que utilitzi.<\/p>\n<p>Recordeu que si no desitja rebre cookies, ja no podrem garantir que el nostre lloc web funcioni com cal. Pot ser que algunes funcions de el lloc es perdin i \u00e9s possible que ja no pugui veure certs llocs web. A m\u00e9s, rebutjar les galetes no vol dir que ja no vagi a veure anuncis publicitaris. Simplement els anuncis no s&#8217;ajustaran als seus interessos i es repetiran amb m\u00e9s freq\u00fc\u00e8ncia.<\/p>\n<p>Cada navegador t\u00e9 un m\u00e8tode diferent per adaptar la configuraci\u00f3. Si cal, consulteu la funci\u00f3 d&#8217;ajuda de el navegador per establir la configuraci\u00f3 correcta.<\/p>\n<p>Per desactivar les cookies al tel\u00e8fon m\u00f2bil, consulteu el manual d&#8217;el dispositiu per a m\u00e9s informaci\u00f3.<\/p>\n<p>Podeu obtenir m\u00e9s informaci\u00f3 sobre les cookies a Internet, http:\/\/www.aboutcookies.org\/.<\/p>\n<p>Tenint en compte la forma en qu\u00e8 funciona Internet i els llocs web, no sempre comptem amb informaci\u00f3 de les galetes que col\u00b7loquen terceres parts a trav\u00e9s del nostre lloc web. Aix\u00f2 s&#8217;aplica especialment a casos en qu\u00e8 la nostra p\u00e0gina web cont\u00e9 el que es denominen elements integrats: textos, documents, imatges o breus pel\u00b7l\u00edcules que s&#8217;emmagatzemen en una altra part, per\u00f2 es mostren al nostre lloc web o mitjan\u00e7ant el mateix.<\/p>\n<p>Per tant, en cas que es trobi amb aquest tipus de galetes en aquest lloc web i no estiguin enumerades en la llista anterior, li preguem que ens ho comuniqui. O b\u00e9 poseu-vos en contacte directament amb el tercer per demanar-li informaci\u00f3 sobre les cookies que col\u00b7loca, la finalitat i la durada de la galeta, i com ha garantit la seva privacitat.<\/p>\n<p>&nbsp;<\/p>\n<p><strong>INFORMACI\u00d3 RELACIONADA AMB EL TRACTAMENT DE DADES PERSONALS (art.13 RGPD)<\/strong><\/p>\n<p><strong>Qui \u00e9s el responsable del tractament de les seves dades personals?<\/strong><\/p>\n<p>CAN MONTLLOR, SL \u00e9s el responsable del tractament de les dades personals que vost\u00e8 ens proporciona, situat a CAN MONTLLOR DE BAIX, 08181 Sentmenat, (Barcelona) i amb CIF B66658394 Tel\u00e8fon 937.151.197 i mail de contacte canmontllor@gmail.com.<\/p>\n<p>Si no desitja que els llocs web posin cap cookie al seu equip, pot adaptar la configuraci\u00f3 de el navegador de manera que se li notifiqui abans que es col\u00b7loqui cap cookie. De la mateixa manera, pot adaptar la configuraci\u00f3 de manera que el navegador rebutgi totes les cookies, o \u00fanicament les cookies de tercers. Tamb\u00e9 pot eliminar qualsevol de les cookies que ja es trobin en l&#8217;equip. Recordeu que s&#8217;haur\u00e0 d&#8217;adaptar per separat la configuraci\u00f3 de cada navegador i equip que utilitzi.<\/p>\n<p>&nbsp;<\/p>\n<p><strong>Per a qu\u00e8 utilitzem les seves dades personals?<\/strong><\/p>\n<p>La informaci\u00f3 recopilada a trav\u00e9s de les cookies pr\u00f2pies (cookies de sessi\u00f3 i d&#8217;entrada d&#8217;usuari) se solen utilitzar per rastrejar les accions de l&#8217;usuari a l&#8217;omplir els formularis en l\u00ednia en diverses p\u00e0gines, o com cistella de la compra per fer el seguiment dels articles que l&#8217;usuari ha seleccionat a l&#8217;pr\u00e9mer un bot\u00f3, o per personalitzar la interf\u00edcie de l&#8217;usuari al visitar la p\u00e0gina web.<\/p>\n<p>La informaci\u00f3 recopilada a trav\u00e9s de les cookies de tercers \u00e9s la seg\u00fcent:<\/p>\n<p>&#8211; A trav\u00e9s de les cookies anal\u00edtiques s&#8217;analitzen els seus h\u00e0bits de navegaci\u00f3 per millorar els serveis prestats;<\/p>\n<p>&#8211; A trav\u00e9s de les cookies comportamentals es recull informaci\u00f3 sobre les prefer\u00e8ncies de l&#8217;usuari per gestionar els espais publicitaris de la forma m\u00e9s efica\u00e7 possible; i<\/p>\n<p>&#8211; a trav\u00e9s de les cookies publicit\u00e0ries es mesura el rendiment dels anuncis i es proporcionen recomanacions relatives a productes basades en dades estad\u00edstiques.<\/p>\n<p>Per veure exactament l&#8217;\u00fas de les cookies vegeu el quadre sobre l&#8217;\u00fas de les cookies en aquest web.<\/p>\n<p>&nbsp;<\/p>\n<p><strong>Quina \u00e9s la base legal per al tractament de les seves dades personals?<\/strong><\/p>\n<p>La legitimaci\u00f3 per al tractament de les seves dades personals ve donada per la seva consentimient<\/p>\n<p>o, atorgat en el moment de posar-se en contacte amb nosaltres, per a la utilitzaci\u00f3 de cookies anal\u00edtiques, comportamentals i publicit\u00e0ries; per a les cookies de sessi\u00f3 o personalitzaci\u00f3, la legitimaci\u00f3 per al tractament ve donada per l&#8217;inter\u00e8s leg\u00edtim del prestador (responsable del tractament).<\/p>\n<p>&nbsp;<\/p>\n<p><strong>A qui comuniquem les seves dades?<\/strong><\/p>\n<p>No se cediran ni comunicar dades a tercers, excepte per obligaci\u00f3 legal o als tercers indicats en el cas d&#8217;\u00fas de cookies gestionades per aquests.<\/p>\n<p>&nbsp;<\/p>\n<p><strong>Quin \u00e9s el termini de conservaci\u00f3 de les seves dades?<\/strong><\/p>\n<p>El termini de conservaci\u00f3 de les dades recollides \u00e9s l&#8217;indicat en el quadre sobre l&#8217;\u00fas de les cookies en aquest web.<\/p>\n<p>&nbsp;<\/p>\n<p><strong>Quins s\u00f3n els seus drets?<\/strong><\/p>\n<p>Els drets que emparen a l&#8217;usuari s\u00f3n els d&#8217;acc\u00e9s, rectificaci\u00f3, supressi\u00f3, portabilitat dels mateixos, retirada el consentiment (sense que aix\u00f2 afecti la licitud de l&#8217;tractament atorgat pr\u00e8viament a la seva retirada), oposici\u00f3 a l&#8217;tractament, limitaci\u00f3 (en determinades circumst\u00e0ncies) ia presentar una reclamaci\u00f3 davant l&#8217;autoritat de control (l&#8217;Ag\u00e8ncia Espanyola de protecci\u00f3 de dades, www.aepd.es).[\/vc_column_text][\/vc_column][\/vc_row]<\/p>\n","protected":false},"excerpt":{"rendered":"<p>[vc_row][vc_column][vc_column_text]INTRODUCCI\u00d3 El web de CAN MONTLLOR, SL utilitza cookies pr\u00f2pies i de tercers. Una galeta \u00e9s un fitxer que es descarrega al seu ordinador a l&#8217;accedir a determinades p\u00e0gines web, entre d&#8217;altres finalitats, assegurar el correcte funcionament de la p\u00e0gina, permetre a l&#8217;Usuari un acc\u00e9s m\u00e9s r\u00e0pid als serveis seleccionats, emmagatzemar i recuperar informaci\u00f3 sobre&hellip;<\/p>\n","protected":false},"author":1,"featured_media":0,"parent":0,"menu_order":0,"comment_status":"closed","ping_status":"open","template":"","meta":{"footnotes":""},"class_list":["post-1451","page","type-page","status-publish","hentry","description-off"],"yoast_head":"<!-- This site is optimized with the Yoast SEO plugin v27.4 - https:\/\/yoast.com\/product\/yoast-seo-wordpress\/ -->\n<title>Cookies - Can Montllor<\/title>\n<meta name=\"robots\" content=\"noindex, nofollow\" \/>\n<meta property=\"og:locale\" content=\"ca_ES\" \/>\n<meta property=\"og:type\" content=\"article\" \/>\n<meta property=\"og:title\" content=\"Cookies - Can Montllor\" \/>\n<meta property=\"og:description\" content=\"[vc_row][vc_column][vc_column_text]INTRODUCCI\u00d3 El web de CAN MONTLLOR, SL utilitza cookies pr\u00f2pies i de tercers. Una galeta \u00e9s un fitxer que es descarrega al seu ordinador a l&#8217;accedir a determinades p\u00e0gines web, entre d&#8217;altres finalitats, assegurar el correcte funcionament de la p\u00e0gina, permetre a l&#8217;Usuari un acc\u00e9s m\u00e9s r\u00e0pid als serveis seleccionats, emmagatzemar i recuperar informaci\u00f3 sobre&hellip;\" \/>\n<meta property=\"og:url\" content=\"https:\/\/canmontllor.com\/cookies\/\" \/>\n<meta property=\"og:site_name\" content=\"Can Montllor\" \/>\n<meta property=\"article:modified_time\" content=\"2020-12-21T14:09:47+00:00\" \/>\n<meta name=\"twitter:card\" content=\"summary_large_image\" \/>\n<meta name=\"twitter:label1\" content=\"Temps estimat de lectura\" \/>\n\t<meta name=\"twitter:data1\" content=\"9 minuts\" \/>\n<script type=\"application\/ld+json\" class=\"yoast-schema-graph\">{\"@context\":\"https:\\\/\\\/schema.org\",\"@graph\":[{\"@type\":\"WebPage\",\"@id\":\"https:\\\/\\\/canmontllor.com\\\/cookies\\\/\",\"url\":\"https:\\\/\\\/canmontllor.com\\\/cookies\\\/\",\"name\":\"Cookies - Can Montllor\",\"isPartOf\":{\"@id\":\"https:\\\/\\\/canmontllor.com\\\/#website\"},\"datePublished\":\"2020-11-03T14:17:33+00:00\",\"dateModified\":\"2020-12-21T14:09:47+00:00\",\"breadcrumb\":{\"@id\":\"https:\\\/\\\/canmontllor.com\\\/cookies\\\/#breadcrumb\"},\"inLanguage\":\"ca\",\"potentialAction\":[{\"@type\":\"ReadAction\",\"target\":[\"https:\\\/\\\/canmontllor.com\\\/cookies\\\/\"]}]},{\"@type\":\"BreadcrumbList\",\"@id\":\"https:\\\/\\\/canmontllor.com\\\/cookies\\\/#breadcrumb\",\"itemListElement\":[{\"@type\":\"ListItem\",\"position\":1,\"name\":\"Portada\",\"item\":\"https:\\\/\\\/canmontllor.com\\\/ca\\\/\"},{\"@type\":\"ListItem\",\"position\":2,\"name\":\"Cookies\"}]},{\"@type\":\"WebSite\",\"@id\":\"https:\\\/\\\/canmontllor.com\\\/#website\",\"url\":\"https:\\\/\\\/canmontllor.com\\\/\",\"name\":\"Can Montllor\",\"description\":\"Restaurant a Sentmenat. Can Montllor\",\"potentialAction\":[{\"@type\":\"SearchAction\",\"target\":{\"@type\":\"EntryPoint\",\"urlTemplate\":\"https:\\\/\\\/canmontllor.com\\\/?s={search_term_string}\"},\"query-input\":{\"@type\":\"PropertyValueSpecification\",\"valueRequired\":true,\"valueName\":\"search_term_string\"}}],\"inLanguage\":\"ca\"}]}<\/script>\n<!-- \/ Yoast SEO plugin. -->","yoast_head_json":{"title":"Cookies - Can Montllor","robots":{"index":"noindex","follow":"nofollow"},"og_locale":"ca_ES","og_type":"article","og_title":"Cookies - Can Montllor","og_description":"[vc_row][vc_column][vc_column_text]INTRODUCCI\u00d3 El web de CAN MONTLLOR, SL utilitza cookies pr\u00f2pies i de tercers. Una galeta \u00e9s un fitxer que es descarrega al seu ordinador a l&#8217;accedir a determinades p\u00e0gines web, entre d&#8217;altres finalitats, assegurar el correcte funcionament de la p\u00e0gina, permetre a l&#8217;Usuari un acc\u00e9s m\u00e9s r\u00e0pid als serveis seleccionats, emmagatzemar i recuperar informaci\u00f3 sobre&hellip;","og_url":"https:\/\/canmontllor.com\/cookies\/","og_site_name":"Can Montllor","article_modified_time":"2020-12-21T14:09:47+00:00","twitter_card":"summary_large_image","twitter_misc":{"Temps estimat de lectura":"9 minuts"},"schema":{"@context":"https:\/\/schema.org","@graph":[{"@type":"WebPage","@id":"https:\/\/canmontllor.com\/cookies\/","url":"https:\/\/canmontllor.com\/cookies\/","name":"Cookies - Can Montllor","isPartOf":{"@id":"https:\/\/canmontllor.com\/#website"},"datePublished":"2020-11-03T14:17:33+00:00","dateModified":"2020-12-21T14:09:47+00:00","breadcrumb":{"@id":"https:\/\/canmontllor.com\/cookies\/#breadcrumb"},"inLanguage":"ca","potentialAction":[{"@type":"ReadAction","target":["https:\/\/canmontllor.com\/cookies\/"]}]},{"@type":"BreadcrumbList","@id":"https:\/\/canmontllor.com\/cookies\/#breadcrumb","itemListElement":[{"@type":"ListItem","position":1,"name":"Portada","item":"https:\/\/canmontllor.com\/ca\/"},{"@type":"ListItem","position":2,"name":"Cookies"}]},{"@type":"WebSite","@id":"https:\/\/canmontllor.com\/#website","url":"https:\/\/canmontllor.com\/","name":"Can Montllor","description":"Restaurant a Sentmenat. Can Montllor","potentialAction":[{"@type":"SearchAction","target":{"@type":"EntryPoint","urlTemplate":"https:\/\/canmontllor.com\/?s={search_term_string}"},"query-input":{"@type":"PropertyValueSpecification","valueRequired":true,"valueName":"search_term_string"}}],"inLanguage":"ca"}]}},"_links":{"self":[{"href":"https:\/\/canmontllor.com\/ca\/wp-json\/wp\/v2\/pages\/1451","targetHints":{"allow":["GET"]}}],"collection":[{"href":"https:\/\/canmontllor.com\/ca\/wp-json\/wp\/v2\/pages"}],"about":[{"href":"https:\/\/canmontllor.com\/ca\/wp-json\/wp\/v2\/types\/page"}],"author":[{"embeddable":true,"href":"https:\/\/canmontllor.com\/ca\/wp-json\/wp\/v2\/users\/1"}],"replies":[{"embeddable":true,"href":"https:\/\/canmontllor.com\/ca\/wp-json\/wp\/v2\/comments?post=1451"}],"version-history":[{"count":1,"href":"https:\/\/canmontllor.com\/ca\/wp-json\/wp\/v2\/pages\/1451\/revisions"}],"predecessor-version":[{"id":1452,"href":"https:\/\/canmontllor.com\/ca\/wp-json\/wp\/v2\/pages\/1451\/revisions\/1452"}],"wp:attachment":[{"href":"https:\/\/canmontllor.com\/ca\/wp-json\/wp\/v2\/media?parent=1451"}],"curies":[{"name":"wp","href":"https:\/\/api.w.org\/{rel}","templated":true}]}}